{"id":2040,"date":"2023-09-29T00:20:54","date_gmt":"2023-09-29T00:20:54","guid":{"rendered":"https:\/\/mandarinretail.com\/sitemap\/"},"modified":"2023-10-06T21:59:50","modified_gmt":"2023-10-06T21:59:50","slug":"plan-du-site","status":"publish","type":"page","link":"https:\/\/mandarinretail.com\/fr\/plan-du-site\/","title":{"rendered":"Plan du site"},"content":{"rendered":"\t\t<div data-elementor-type=\"wp-page\" data-elementor-id=\"2040\" class=\"elementor elementor-2040 elementor-1660\" data-elementor-post-type=\"page\">\n\t\t\t\t\t\t<section class=\"elementor-section elementor-top-section elementor-element elementor-element-36f4511 elementor-section-full_width elementor-section-height-default elementor-section-height-default\" data-id=\"36f4511\" data-element_type=\"section\" data-e-type=\"section\" data-settings=\"{&quot;background_background&quot;:&quot;classic&quot;}\">\n\t\t\t\t\t\t<div class=\"elementor-container elementor-column-gap-no\">\n\t\t\t\t\t<div class=\"elementor-column elementor-col-100 elementor-top-column elementor-element elementor-element-36761b9\" data-id=\"36761b9\" data-element_type=\"column\" data-e-type=\"column\">\n\t\t\t<div class=\"elementor-widget-wrap elementor-element-populated\">\n\t\t\t\t\t\t<div class=\"elementor-element elementor-element-d854607 elementor-widget elementor-widget-spacer\" data-id=\"d854607\" data-element_type=\"widget\" data-e-type=\"widget\" data-widget_type=\"spacer.default\">\n\t\t\t\t<div class=\"elementor-widget-container\">\n\t\t\t\t\t\t\t<div class=\"elementor-spacer\">\n\t\t\t<div class=\"elementor-spacer-inner\"><\/div>\n\t\t<\/div>\n\t\t\t\t\t\t<\/div>\n\t\t\t\t<\/div>\n\t\t\t\t\t<\/div>\n\t\t<\/div>\n\t\t\t\t\t<\/div>\n\t\t<\/section>\n\t\t\t\t<section class=\"elementor-section elementor-top-section elementor-element elementor-element-6d4df60 elementor-section-boxed elementor-section-height-default elementor-section-height-default\" data-id=\"6d4df60\" data-element_type=\"section\" data-e-type=\"section\" data-settings=\"{&quot;background_background&quot;:&quot;classic&quot;}\">\n\t\t\t\t\t\t\t<div class=\"elementor-background-overlay\"><\/div>\n\t\t\t\t\t\t\t<div class=\"elementor-container elementor-column-gap-default\">\n\t\t\t\t\t<div class=\"elementor-column elementor-col-100 elementor-top-column elementor-element elementor-element-d23bd7d\" data-id=\"d23bd7d\" data-element_type=\"column\" data-e-type=\"column\">\n\t\t\t<div class=\"elementor-widget-wrap elementor-element-populated\">\n\t\t\t\t\t\t<section class=\"elementor-section elementor-inner-section elementor-element elementor-element-5ba8d69 elementor-section-boxed elementor-section-height-default elementor-section-height-default\" data-id=\"5ba8d69\" data-element_type=\"section\" data-e-type=\"section\">\n\t\t\t\t\t\t<div class=\"elementor-container elementor-column-gap-default\">\n\t\t\t\t\t<div class=\"elementor-column elementor-col-100 elementor-inner-column elementor-element elementor-element-da409f9\" data-id=\"da409f9\" data-element_type=\"column\" data-e-type=\"column\">\n\t\t\t<div class=\"elementor-widget-wrap elementor-element-populated\">\n\t\t\t\t\t\t<div class=\"elementor-element elementor-element-ba25ddb elementor-widget elementor-widget-heading\" data-id=\"ba25ddb\" data-element_type=\"widget\" data-e-type=\"widget\" data-widget_type=\"heading.default\">\n\t\t\t\t<div class=\"elementor-widget-container\">\n\t\t\t\t\t<h1 class=\"elementor-heading-title elementor-size-default\">Plan du site<\/h1>\t\t\t\t<\/div>\n\t\t\t\t<\/div>\n\t\t\t\t<div class=\"elementor-element elementor-element-ce8d4db sitemap-sitemap elementor-widget elementor-widget-sitemap\" data-id=\"ce8d4db\" data-element_type=\"widget\" data-e-type=\"widget\" data-widget_type=\"sitemap.default\">\n\t\t\t\t<div class=\"elementor-widget-container\">\n\t\t\t\t\t<div class=\"elementor-sitemap-wrap\"><div class=\"elementor-sitemap-section\"><h2 class=\"elementor-sitemap-title elementor-sitemap-page-title\">Pages<\/h2><ul class=\"elementor-sitemap-list elementor-sitemap-page-list\"><li class=\"elementor-sitemap-item elementor-sitemap-item-page page_item page-item-2046\"><a href=\"https:\/\/mandarinretail.com\/fr\/\">Accueil<\/a><\/li><li class=\"elementor-sitemap-item elementor-sitemap-item-page page_item page-item-2044\"><a href=\"https:\/\/mandarinretail.com\/fr\/cari-de-poulet\/\">Cari de poulet<\/a><\/li><li class=\"elementor-sitemap-item elementor-sitemap-item-page page_item page-item-2045\"><a href=\"https:\/\/mandarinretail.com\/fr\/boeuf-au-poivre-noir\/\">B\u0153uf au poivre noir<\/a><\/li><li class=\"elementor-sitemap-item elementor-sitemap-item-page page_item page-item-2043\"><a href=\"https:\/\/mandarinretail.com\/fr\/boulettes-de-boeuf-teriyaki\/\">Boulettes de boeuf teriyaki<\/a><\/li><li class=\"elementor-sitemap-item elementor-sitemap-item-page page_item page-item-2039\"><a href=\"https:\/\/mandarinretail.com\/fr\/porc-au-saveur-bbq\/\">Porc au saveur BBQ<\/a><\/li><li class=\"elementor-sitemap-item elementor-sitemap-item-page page_item page-item-2038\"><a href=\"https:\/\/mandarinretail.com\/fr\/cotes-levees-de-porc-au-miel-et-a-lail\/\">C\u00f4tes lev\u00e9es de porc au miel et \u00e0 l\u2019ail<\/a><\/li><li class=\"elementor-sitemap-item elementor-sitemap-item-page page_item page-item-2037\"><a href=\"https:\/\/mandarinretail.com\/fr\/cotes-levees-de-porc-au-saveur-bbq\/\">C\u00f4tes lev\u00e9es de porc au saveur BBQ<\/a><\/li><li class=\"elementor-sitemap-item elementor-sitemap-item-page page_item page-item-2042\"><a href=\"https:\/\/mandarinretail.com\/fr\/contactez-nous\/\">Contactez-nous<\/a><\/li><li class=\"elementor-sitemap-item elementor-sitemap-item-page page_item page-item-2041\"><a href=\"https:\/\/mandarinretail.com\/fr\/politique-de-confidentialite\/\">Politique de protection de la vie priv\u00e9e<\/a><\/li><li class=\"elementor-sitemap-item elementor-sitemap-item-page page_item page-item-2040\"><a href=\"https:\/\/mandarinretail.com\/fr\/plan-du-site\/\">Plan du site<\/a><\/li><\/ul><\/div><\/div>\t\t\t\t<\/div>\n\t\t\t\t<\/div>\n\t\t\t\t\t<\/div>\n\t\t<\/div>\n\t\t\t\t\t<\/div>\n\t\t<\/section>\n\t\t\t\t\t<\/div>\n\t\t<\/div>\n\t\t\t\t\t<\/div>\n\t\t<\/section>\n\t\t\t\t<section class=\"elementor-section elementor-top-section elementor-element elementor-element-3d13a34 elementor-section-full_width elementor-section-height-default elementor-section-height-default\" data-id=\"3d13a34\" data-element_type=\"section\" data-e-type=\"section\" data-settings=\"{&quot;background_background&quot;:&quot;classic&quot;}\">\n\t\t\t\t\t\t<div class=\"elementor-container elementor-column-gap-no\">\n\t\t\t\t\t<div class=\"elementor-column elementor-col-100 elementor-top-column elementor-element elementor-element-c935989\" data-id=\"c935989\" data-element_type=\"column\" data-e-type=\"column\">\n\t\t\t<div class=\"elementor-widget-wrap elementor-element-populated\">\n\t\t\t\t\t\t<div class=\"elementor-element elementor-element-40682ad elementor-widget elementor-widget-spacer\" data-id=\"40682ad\" data-element_type=\"widget\" data-e-type=\"widget\" data-widget_type=\"spacer.default\">\n\t\t\t\t<div class=\"elementor-widget-container\">\n\t\t\t\t\t\t\t<div class=\"elementor-spacer\">\n\t\t\t<div class=\"elementor-spacer-inner\"><\/div>\n\t\t<\/div>\n\t\t\t\t\t\t<\/div>\n\t\t\t\t<\/div>\n\t\t\t\t\t<\/div>\n\t\t<\/div>\n\t\t\t\t\t<\/div>\n\t\t<\/section>\n\t\t\t\t<\/div>\n\t\t","protected":false},"excerpt":{"rendered":"<p>Plan du site<\/p>\n","protected":false},"author":4,"featured_media":0,"parent":0,"menu_order":10,"comment_status":"closed","ping_status":"closed","template":"elementor_header_footer","meta":{"footnotes":""},"class_list":["post-2040","page","type-page","status-publish","hentry"],"yoast_head":"<!-- This site is optimized with the Yoast SEO plugin v27.4 - https:\/\/yoast.com\/product\/yoast-seo-wordpress\/ -->\n<title>Plan du site - Mandarin Retail<\/title>\n<meta name=\"description\" content=\"Mandarin Retail plan du site.\" \/>\n<meta name=\"robots\" content=\"index, follow, max-snippet:-1, max-image-preview:large, max-video-preview:-1\" \/>\n<link rel=\"canonical\" href=\"https:\/\/mandarinretail.com\/sitemap\/\" \/>\n<meta property=\"og:locale\" content=\"fr_FR\" \/>\n<meta property=\"og:type\" content=\"article\" \/>\n<meta property=\"og:title\" content=\"Plan du site - Mandarin Retail\" \/>\n<meta property=\"og:description\" content=\"Mandarin Retail plan du site.\" \/>\n<meta property=\"og:url\" content=\"https:\/\/mandarinretail.com\/sitemap\/\" \/>\n<meta property=\"og:site_name\" content=\"Mandarin Retail\" \/>\n<meta property=\"article:modified_time\" content=\"2023-10-06T21:59:50+00:00\" \/>\n<meta name=\"twitter:card\" content=\"summary_large_image\" \/>\n<meta name=\"twitter:label1\" content=\"Dur\u00e9e de lecture estim\u00e9e\" \/>\n\t<meta name=\"twitter:data1\" content=\"1 minute\" \/>\n<script type=\"application\/ld+json\" class=\"yoast-schema-graph\">{\"@context\":\"https:\\\/\\\/schema.org\",\"@graph\":[{\"@type\":\"WebPage\",\"@id\":\"https:\\\/\\\/mandarinretail.com\\\/sitemap\\\/\",\"url\":\"https:\\\/\\\/mandarinretail.com\\\/sitemap\\\/\",\"name\":\"Plan du site - Mandarin Retail\",\"isPartOf\":{\"@id\":\"https:\\\/\\\/mandarinretail.com\\\/#website\"},\"datePublished\":\"2023-09-29T00:20:54+00:00\",\"dateModified\":\"2023-10-06T21:59:50+00:00\",\"description\":\"Mandarin Retail plan du site.\",\"breadcrumb\":{\"@id\":\"https:\\\/\\\/mandarinretail.com\\\/sitemap\\\/#breadcrumb\"},\"inLanguage\":\"fr-FR\",\"potentialAction\":[{\"@type\":\"ReadAction\",\"target\":[\"https:\\\/\\\/mandarinretail.com\\\/sitemap\\\/\"]}]},{\"@type\":\"BreadcrumbList\",\"@id\":\"https:\\\/\\\/mandarinretail.com\\\/sitemap\\\/#breadcrumb\",\"itemListElement\":[{\"@type\":\"ListItem\",\"position\":1,\"name\":\"Home\",\"item\":\"https:\\\/\\\/mandarinretail.com\\\/fr\\\/\"},{\"@type\":\"ListItem\",\"position\":2,\"name\":\"Plan du site\"}]},{\"@type\":\"WebSite\",\"@id\":\"https:\\\/\\\/mandarinretail.com\\\/#website\",\"url\":\"https:\\\/\\\/mandarinretail.com\\\/\",\"name\":\"Mandarin Retail\",\"description\":\"Maintenant disponible chez votre \u00e9picier local.\",\"publisher\":{\"@id\":\"https:\\\/\\\/mandarinretail.com\\\/#organization\"},\"potentialAction\":[{\"@type\":\"SearchAction\",\"target\":{\"@type\":\"EntryPoint\",\"urlTemplate\":\"https:\\\/\\\/mandarinretail.com\\\/?s={search_term_string}\"},\"query-input\":{\"@type\":\"PropertyValueSpecification\",\"valueRequired\":true,\"valueName\":\"search_term_string\"}}],\"inLanguage\":\"fr-FR\"},{\"@type\":\"Organization\",\"@id\":\"https:\\\/\\\/mandarinretail.com\\\/#organization\",\"name\":\"Mandarin Retail\",\"url\":\"https:\\\/\\\/mandarinretail.com\\\/\",\"logo\":{\"@type\":\"ImageObject\",\"inLanguage\":\"fr-FR\",\"@id\":\"https:\\\/\\\/mandarinretail.com\\\/#\\\/schema\\\/logo\\\/image\\\/\",\"url\":\"https:\\\/\\\/mandarinretail.com\\\/wp-content\\\/uploads\\\/2023\\\/09\\\/mandarin-logo.png\",\"contentUrl\":\"https:\\\/\\\/mandarinretail.com\\\/wp-content\\\/uploads\\\/2023\\\/09\\\/mandarin-logo.png\",\"width\":1560,\"height\":340,\"caption\":\"Mandarin Retail\"},\"image\":{\"@id\":\"https:\\\/\\\/mandarinretail.com\\\/#\\\/schema\\\/logo\\\/image\\\/\"}}]}<\/script>\n<!-- \/ Yoast SEO plugin. -->","yoast_head_json":{"title":"Plan du site - Mandarin Retail","description":"Mandarin Retail plan du site.","robots":{"index":"index","follow":"follow","max-snippet":"max-snippet:-1","max-image-preview":"max-image-preview:large","max-video-preview":"max-video-preview:-1"},"canonical":"https:\/\/mandarinretail.com\/sitemap\/","og_locale":"fr_FR","og_type":"article","og_title":"Plan du site - Mandarin Retail","og_description":"Mandarin Retail plan du site.","og_url":"https:\/\/mandarinretail.com\/sitemap\/","og_site_name":"Mandarin Retail","article_modified_time":"2023-10-06T21:59:50+00:00","twitter_card":"summary_large_image","twitter_misc":{"Dur\u00e9e de lecture estim\u00e9e":"1 minute"},"schema":{"@context":"https:\/\/schema.org","@graph":[{"@type":"WebPage","@id":"https:\/\/mandarinretail.com\/sitemap\/","url":"https:\/\/mandarinretail.com\/sitemap\/","name":"Plan du site - Mandarin Retail","isPartOf":{"@id":"https:\/\/mandarinretail.com\/#website"},"datePublished":"2023-09-29T00:20:54+00:00","dateModified":"2023-10-06T21:59:50+00:00","description":"Mandarin Retail plan du site.","breadcrumb":{"@id":"https:\/\/mandarinretail.com\/sitemap\/#breadcrumb"},"inLanguage":"fr-FR","potentialAction":[{"@type":"ReadAction","target":["https:\/\/mandarinretail.com\/sitemap\/"]}]},{"@type":"BreadcrumbList","@id":"https:\/\/mandarinretail.com\/sitemap\/#breadcrumb","itemListElement":[{"@type":"ListItem","position":1,"name":"Home","item":"https:\/\/mandarinretail.com\/fr\/"},{"@type":"ListItem","position":2,"name":"Plan du site"}]},{"@type":"WebSite","@id":"https:\/\/mandarinretail.com\/#website","url":"https:\/\/mandarinretail.com\/","name":"Mandarin Retail","description":"Maintenant disponible chez votre \u00e9picier local.","publisher":{"@id":"https:\/\/mandarinretail.com\/#organization"},"potentialAction":[{"@type":"SearchAction","target":{"@type":"EntryPoint","urlTemplate":"https:\/\/mandarinretail.com\/?s={search_term_string}"},"query-input":{"@type":"PropertyValueSpecification","valueRequired":true,"valueName":"search_term_string"}}],"inLanguage":"fr-FR"},{"@type":"Organization","@id":"https:\/\/mandarinretail.com\/#organization","name":"Mandarin Retail","url":"https:\/\/mandarinretail.com\/","logo":{"@type":"ImageObject","inLanguage":"fr-FR","@id":"https:\/\/mandarinretail.com\/#\/schema\/logo\/image\/","url":"https:\/\/mandarinretail.com\/wp-content\/uploads\/2023\/09\/mandarin-logo.png","contentUrl":"https:\/\/mandarinretail.com\/wp-content\/uploads\/2023\/09\/mandarin-logo.png","width":1560,"height":340,"caption":"Mandarin Retail"},"image":{"@id":"https:\/\/mandarinretail.com\/#\/schema\/logo\/image\/"}}]}},"_links":{"self":[{"href":"https:\/\/mandarinretail.com\/fr\/wp-json\/wp\/v2\/pages\/2040","targetHints":{"allow":["GET"]}}],"collection":[{"href":"https:\/\/mandarinretail.com\/fr\/wp-json\/wp\/v2\/pages"}],"about":[{"href":"https:\/\/mandarinretail.com\/fr\/wp-json\/wp\/v2\/types\/page"}],"author":[{"embeddable":true,"href":"https:\/\/mandarinretail.com\/fr\/wp-json\/wp\/v2\/users\/4"}],"replies":[{"embeddable":true,"href":"https:\/\/mandarinretail.com\/fr\/wp-json\/wp\/v2\/comments?post=2040"}],"version-history":[{"count":8,"href":"https:\/\/mandarinretail.com\/fr\/wp-json\/wp\/v2\/pages\/2040\/revisions"}],"predecessor-version":[{"id":2185,"href":"https:\/\/mandarinretail.com\/fr\/wp-json\/wp\/v2\/pages\/2040\/revisions\/2185"}],"wp:attachment":[{"href":"https:\/\/mandarinretail.com\/fr\/wp-json\/wp\/v2\/media?parent=2040"}],"curies":[{"name":"wp","href":"https:\/\/api.w.org\/{rel}","templated":true}]}}